{"id":15,"date":"2024-02-27T14:55:33","date_gmt":"2024-02-27T13:55:33","guid":{"rendered":"http:\/\/comitedesfetes-reguiny.net\/?page_id=15"},"modified":"2024-03-31T17:32:50","modified_gmt":"2024-03-31T15:32:50","slug":"presentation","status":"publish","type":"page","link":"https:\/\/comitedesfetes-reguiny.net\/index.php\/presentation\/","title":{"rendered":"Pr\u00e9sentation"},"content":{"rendered":"\n<p>Le Comit\u00e9 des F\u00eates de R\u00e9guiny a \u00e9t\u00e9 cr\u00e9\u00e9 le 28 mars 1961, et notre si\u00e8ge social se situe \u00e0 la Mairie de R\u00e9guiny, 3 rue du G\u00e9n\u00e9ral de Gaulle.<\/p>\n\n\n\n<p>Nous sommes une association r\u00e9gie par la loi du 1er juillet 1901.<br>Nous comptons, actuellement, une vingtaine de b\u00e9n\u00e9voles.<br>Notre but est d&rsquo;animer la commune en proposant des manifestations vari\u00e9es tout au long de l&rsquo;ann\u00e9e.<br>Le Comit\u00e9 des F\u00eates, volontaire et dynamique, travaille aussi en collaboration avec d&rsquo;autres associations<br>-&gt; Les lotos et les courses cyclistes du Troph\u00e9e centre Morbihan.<br>-&gt; La foire aux plantes en octobre.<br>-&gt; L&rsquo;amicale des donneurs de sang.<br>-&gt;Et, bien entendu, toutes les associations qui peuvent \u00eatre demandeuses.<\/p>\n\n\n\n<hr class=\"wp-block-separator has-alpha-channel-opacity\"\/>\n\n\n\n<p><strong>Rejoignez-nous !<\/strong><\/p>\n\n\n\n<p>Vous vivez \u00e0 R\u00e9guiny, vous aimez notre commune !<br>Que vous en soyez originaire, que vous y habitiez depuis longtemps ou que vous soyez un nouvel arrivant, homme ou femme, il y a de la place pour tous.<br>Vous avez envie de vous investir dans le monde associatif au sein d&rsquo;une \u00e9quipe dynamique, volontaire et conviviale alors \u2026<\/p>\n\n\n\n<p><strong>Rejoignez-nous !<\/strong><\/p>\n\n\n\n<p>Depuis le 28 mars 1961, le comit\u00e9 des f\u00eates de R\u00e9guiny \u0153uvre pour que la commune soit encore plus attractive, venez apporter votre contribution \u00e0 cette t\u00e2che passionnante.<br>Pour cela, vous pouvez contacter les membres du bureau par mail \u00e0 l&rsquo;adresse si dessous :<br><a href=\"https:\/\/comitedesfetes-reguiny.net\/index.php\/contactez-nous\/\" data-type=\"link\" data-id=\"https:\/\/comitedesfetes-reguiny.net\/index.php\/contactez-nous\/\">Contactez-nous<\/a><\/p>\n\n\n\n<p>A bient\u00f4t.<\/p>\n\n\n<div class=\"wp-block-image\">\n<figure class=\"aligncenter size-full is-resized\"><img fetchpriority=\"high\" decoding=\"async\" width=\"500\" height=\"500\" src=\"https:\/\/comitedesfetes-reguiny.net\/wp-content\/uploads\/2024\/03\/logo1.png\" alt=\"\" class=\"wp-image-1929\" style=\"width:146px\" srcset=\"https:\/\/comitedesfetes-reguiny.net\/wp-content\/uploads\/2024\/03\/logo1.png 500w, https:\/\/comitedesfetes-reguiny.net\/wp-content\/uploads\/2024\/03\/logo1-300x300.png 300w, https:\/\/comitedesfetes-reguiny.net\/wp-content\/uploads\/2024\/03\/logo1-150x150.png 150w\" sizes=\"(max-width: 500px) 100vw, 500px\" \/><\/figure>\n<\/div>","protected":false},"excerpt":{"rendered":"<p>Le Comit\u00e9 des F\u00eates de R\u00e9guiny a \u00e9t\u00e9 cr\u00e9\u00e9 le 28 mars 1961, et notre si\u00e8ge social se situe \u00e0 la Mairie de R\u00e9guiny, 3 rue du G\u00e9n\u00e9ral de Gaulle.&hellip; <\/p>\n","protected":false},"author":1,"featured_media":0,"parent":0,"menu_order":0,"comment_status":"closed","ping_status":"closed","template":"","meta":{"footnotes":""},"class_list":["post-15","page","type-page","status-publish","hentry"],"_links":{"self":[{"href":"https:\/\/comitedesfetes-reguiny.net\/index.php\/wp-json\/wp\/v2\/pages\/15","targetHints":{"allow":["GET"]}}],"collection":[{"href":"https:\/\/comitedesfetes-reguiny.net\/index.php\/wp-json\/wp\/v2\/pages"}],"about":[{"href":"https:\/\/comitedesfetes-reguiny.net\/index.php\/wp-json\/wp\/v2\/types\/page"}],"author":[{"embeddable":true,"href":"https:\/\/comitedesfetes-reguiny.net\/index.php\/wp-json\/wp\/v2\/users\/1"}],"replies":[{"embeddable":true,"href":"https:\/\/comitedesfetes-reguiny.net\/index.php\/wp-json\/wp\/v2\/comments?post=15"}],"version-history":[{"count":5,"href":"https:\/\/comitedesfetes-reguiny.net\/index.php\/wp-json\/wp\/v2\/pages\/15\/revisions"}],"predecessor-version":[{"id":2457,"href":"https:\/\/comitedesfetes-reguiny.net\/index.php\/wp-json\/wp\/v2\/pages\/15\/revisions\/2457"}],"wp:attachment":[{"href":"https:\/\/comitedesfetes-reguiny.net\/index.php\/wp-json\/wp\/v2\/media?parent=15"}],"curies":[{"name":"wp","href":"https:\/\/api.w.org\/{rel}","templated":true}]}}